{"id":913,"date":"2024-03-19T15:26:28","date_gmt":"2024-03-19T15:26:28","guid":{"rendered":"https:\/\/cms.medicina.usac.edu.gt\/unade\/?page_id=913"},"modified":"2024-03-19T15:58:10","modified_gmt":"2024-03-19T15:58:10","slug":"infobecas-2","status":"publish","type":"page","link":"https:\/\/cms.medicina.usac.edu.gt\/unade\/infobecas-2\/","title":{"rendered":"infobecas"},"content":{"rendered":"\t\t<div data-elementor-type=\"wp-page\" data-elementor-id=\"913\" class=\"elementor elementor-913\">\n\t\t\t\t\t\t\t\t\t<section class=\"elementor-section elementor-top-section elementor-element elementor-element-01ce38b elementor-section-boxed elementor-section-height-default elementor-section-height-default\" data-id=\"01ce38b\" data-element_type=\"section\">\n\t\t\t\t\t\t<div class=\"elementor-container elementor-column-gap-default\">\n\t\t\t\t\t<div class=\"elementor-column elementor-col-100 elementor-top-column elementor-element elementor-element-6417cd1\" data-id=\"6417cd1\" data-element_type=\"column\">\n\t\t\t<div class=\"elementor-widget-wrap elementor-element-populated\">\n\t\t\t\t\t\t\t\t<div class=\"elementor-element elementor-element-32a7130 elementor-widget elementor-widget-image\" data-id=\"32a7130\" data-element_type=\"widget\" data-widget_type=\"image.default\">\n\t\t\t\t<div class=\"elementor-widget-container\">\n\t\t\t<style>\/*! elementor - v3.6.7 - 03-07-2022 *\/\n.elementor-widget-image{text-align:center}.elementor-widget-image a{display:inline-block}.elementor-widget-image a img[src$=\".svg\"]{width:48px}.elementor-widget-image img{vertical-align:middle;display:inline-block}<\/style>\t\t\t\t\t\t\t\t\t\t\t\t\t<a href=\"https:\/\/drive.google.com\/file\/d\/1OdUff4J3_nWQhr6wunykGwE24NtDjyoL\/view\" target=\"_blank\">\n\t\t\t\t\t\t\t<img loading=\"lazy\" decoding=\"async\" width=\"771\" height=\"454\" src=\"https:\/\/cms.medicina.usac.edu.gt\/unade\/wp-content\/uploads\/2024\/03\/infobecas.png\" class=\"attachment-large size-large\" alt=\"\" srcset=\"https:\/\/cms.medicina.usac.edu.gt\/unade\/wp-content\/uploads\/2024\/03\/infobecas.png 967w, https:\/\/cms.medicina.usac.edu.gt\/unade\/wp-content\/uploads\/2024\/03\/infobecas-300x177.png 300w, https:\/\/cms.medicina.usac.edu.gt\/unade\/wp-content\/uploads\/2024\/03\/infobecas-768x453.png 768w, https:\/\/cms.medicina.usac.edu.gt\/unade\/wp-content\/uploads\/2024\/03\/infobecas-400x236.png 400w\" sizes=\"auto, (max-width: 771px) 100vw, 771px\" \/>\t\t\t\t\t\t\t\t<\/a>\n\t\t\t\t\t\t\t\t\t\t\t\t\t\t\t<\/div>\n\t\t\t\t<\/div>\n\t\t\t\t\t<\/div>\n\t\t<\/div>\n\t\t\t\t\t\t\t<\/div>\n\t\t<\/section>\n\t\t\t\t<section class=\"elementor-section elementor-top-section elementor-element elementor-element-4d5c8f3 elementor-section-boxed elementor-section-height-default elementor-section-height-default\" data-id=\"4d5c8f3\" data-element_type=\"section\">\n\t\t\t\t\t\t<div class=\"elementor-container elementor-column-gap-default\">\n\t\t\t\t\t<div class=\"elementor-column elementor-col-100 elementor-top-column elementor-element elementor-element-438fe5d\" data-id=\"438fe5d\" data-element_type=\"column\">\n\t\t\t<div class=\"elementor-widget-wrap elementor-element-populated\">\n\t\t\t\t\t\t\t\t<section class=\"elementor-section elementor-inner-section elementor-element elementor-element-281ed44 elementor-section-boxed elementor-section-height-default elementor-section-height-default\" data-id=\"281ed44\" data-element_type=\"section\">\n\t\t\t\t\t\t<div class=\"elementor-container elementor-column-gap-default\">\n\t\t\t\t\t<div class=\"elementor-column elementor-col-100 elementor-inner-column elementor-element elementor-element-80d8ffd\" data-id=\"80d8ffd\" data-element_type=\"column\">\n\t\t\t<div class=\"elementor-widget-wrap elementor-element-populated\">\n\t\t\t\t\t\t\t\t<div class=\"elementor-element elementor-element-0c31529 elementor-widget elementor-widget-heading\" data-id=\"0c31529\" data-element_type=\"widget\" data-widget_type=\"heading.default\">\n\t\t\t\t<div class=\"elementor-widget-container\">\n\t\t\t<style>\/*! elementor - v3.6.7 - 03-07-2022 *\/\n.elementor-heading-title{padding:0;margin:0;line-height:1}.elementor-widget-heading .elementor-heading-title[class*=elementor-size-]>a{color:inherit;font-size:inherit;line-height:inherit}.elementor-widget-heading .elementor-heading-title.elementor-size-small{font-size:15px}.elementor-widget-heading .elementor-heading-title.elementor-size-medium{font-size:19px}.elementor-widget-heading .elementor-heading-title.elementor-size-large{font-size:29px}.elementor-widget-heading .elementor-heading-title.elementor-size-xl{font-size:39px}.elementor-widget-heading .elementor-heading-title.elementor-size-xxl{font-size:59px}<\/style><h2 class=\"elementor-heading-title elementor-size-default\">LEYES Y REGLAMENTOS DE LA UNIVERSIDAD DE SAN CARLOS DE GUATEMALA<\/h2>\t\t<\/div>\n\t\t\t\t<\/div>\n\t\t\t\t<div class=\"elementor-element elementor-element-62f720e elementor-view-default elementor-widget elementor-widget-icon\" data-id=\"62f720e\" data-element_type=\"widget\" data-widget_type=\"icon.default\">\n\t\t\t\t<div class=\"elementor-widget-container\">\n\t\t\t\t\t<div class=\"elementor-icon-wrapper\">\n\t\t\t<a class=\"elementor-icon\" href=\"https:\/\/drive.google.com\/file\/d\/1sh9QWgQaoubf_3-oRwo40FD0GgmmMktw\/view\" target=\"_blank\">\n\t\t\t<i aria-hidden=\"true\" class=\"fas fa-landmark\"><\/i>\t\t\t<\/a>\n\t\t<\/div>\n\t\t\t\t<\/div>\n\t\t\t\t<\/div>\n\t\t\t\t\t<\/div>\n\t\t<\/div>\n\t\t\t\t\t\t\t<\/div>\n\t\t<\/section>\n\t\t\t\t\t<\/div>\n\t\t<\/div>\n\t\t\t\t\t\t\t<\/div>\n\t\t<\/section>\n\t\t\t\t<section class=\"elementor-section elementor-top-section elementor-element elementor-element-4e34339 elementor-section-boxed elementor-section-height-default elementor-section-height-default\" data-id=\"4e34339\" data-element_type=\"section\">\n\t\t\t\t\t\t<div class=\"elementor-container elementor-column-gap-default\">\n\t\t\t\t\t<div class=\"elementor-column elementor-col-100 elementor-top-column elementor-element elementor-element-b737e5f\" data-id=\"b737e5f\" data-element_type=\"column\">\n\t\t\t<div class=\"elementor-widget-wrap elementor-element-populated\">\n\t\t\t\t\t\t\t\t<section class=\"elementor-section elementor-inner-section elementor-element elementor-element-4ac3f96 elementor-section-boxed elementor-section-height-default elementor-section-height-default\" data-id=\"4ac3f96\" data-element_type=\"section\">\n\t\t\t\t\t\t<div class=\"elementor-container elementor-column-gap-default\">\n\t\t\t\t\t<div class=\"elementor-column elementor-col-50 elementor-inner-column elementor-element elementor-element-333b2d9\" data-id=\"333b2d9\" data-element_type=\"column\">\n\t\t\t<div class=\"elementor-widget-wrap elementor-element-populated\">\n\t\t\t\t\t\t\t\t<div class=\"elementor-element elementor-element-b1c52d6 elementor-widget elementor-widget-heading\" data-id=\"b1c52d6\" data-element_type=\"widget\" data-widget_type=\"heading.default\">\n\t\t\t\t<div class=\"elementor-widget-container\">\n\t\t\t<h2 class=\"elementor-heading-title elementor-size-default\">REGLAMENTO DE EVALUACI\u00d3N Y PROMOCI\u00d3N\nESTUDIANTIL <\/h2>\t\t<\/div>\n\t\t\t\t<\/div>\n\t\t\t\t<div class=\"elementor-element elementor-element-8a9151c elementor-view-default elementor-widget elementor-widget-icon\" data-id=\"8a9151c\" data-element_type=\"widget\" data-widget_type=\"icon.default\">\n\t\t\t\t<div class=\"elementor-widget-container\">\n\t\t\t\t\t<div class=\"elementor-icon-wrapper\">\n\t\t\t<a class=\"elementor-icon\" href=\"https:\/\/drive.google.com\/file\/d\/13fTJReazyZRmElozdHkGE7nFUBaASqow\/view\" target=\"_blank\">\n\t\t\t<i aria-hidden=\"true\" class=\"fas fa-user-graduate\"><\/i>\t\t\t<\/a>\n\t\t<\/div>\n\t\t\t\t<\/div>\n\t\t\t\t<\/div>\n\t\t\t\t\t<\/div>\n\t\t<\/div>\n\t\t\t\t<div class=\"elementor-column elementor-col-50 elementor-inner-column elementor-element elementor-element-d4e0935\" data-id=\"d4e0935\" data-element_type=\"column\">\n\t\t\t<div class=\"elementor-widget-wrap elementor-element-populated\">\n\t\t\t\t\t\t\t\t<div class=\"elementor-element elementor-element-9239aa2 elementor-widget elementor-widget-heading\" data-id=\"9239aa2\" data-element_type=\"widget\" data-widget_type=\"heading.default\">\n\t\t\t\t<div class=\"elementor-widget-container\">\n\t\t\t<h2 class=\"elementor-heading-title elementor-size-default\">NORMATIVO DE LA COMISI\u00d3N DE APRENDIZAJE ESTUDIANTIL<\/h2>\t\t<\/div>\n\t\t\t\t<\/div>\n\t\t\t\t<div class=\"elementor-element elementor-element-fb5f5f3 elementor-view-default elementor-widget elementor-widget-icon\" data-id=\"fb5f5f3\" data-element_type=\"widget\" data-widget_type=\"icon.default\">\n\t\t\t\t<div class=\"elementor-widget-container\">\n\t\t\t\t\t<div class=\"elementor-icon-wrapper\">\n\t\t\t<a class=\"elementor-icon\" href=\"https:\/\/drive.google.com\/file\/d\/1YWsZW8rh9N2Yh6rMwxnzFAEMTPSwFYG2\/view\" target=\"_blank\">\n\t\t\t<i aria-hidden=\"true\" class=\"fas fa-book-reader\"><\/i>\t\t\t<\/a>\n\t\t<\/div>\n\t\t\t\t<\/div>\n\t\t\t\t<\/div>\n\t\t\t\t\t<\/div>\n\t\t<\/div>\n\t\t\t\t\t\t\t<\/div>\n\t\t<\/section>\n\t\t\t\t\t<\/div>\n\t\t<\/div>\n\t\t\t\t\t\t\t<\/div>\n\t\t<\/section>\n\t\t\t\t<section class=\"elementor-section elementor-top-section elementor-element elementor-element-f5abe0b elementor-section-boxed elementor-section-height-default elementor-section-height-default\" data-id=\"f5abe0b\" data-element_type=\"section\">\n\t\t\t\t\t\t<div class=\"elementor-container elementor-column-gap-default\">\n\t\t\t\t\t<div class=\"elementor-column elementor-col-50 elementor-top-column elementor-element elementor-element-5ce10c1\" data-id=\"5ce10c1\" data-element_type=\"column\">\n\t\t\t<div class=\"elementor-widget-wrap elementor-element-populated\">\n\t\t\t\t\t\t\t\t<div class=\"elementor-element elementor-element-dcdf85b elementor-widget elementor-widget-heading\" data-id=\"dcdf85b\" data-element_type=\"widget\" data-widget_type=\"heading.default\">\n\t\t\t\t<div class=\"elementor-widget-container\">\n\t\t\t<h2 class=\"elementor-heading-title elementor-size-default\">NORMATIVO DE LA EDUCACI\u00d3N VIRTUAL FACULTAD DE CIENCIAS M\u00c9DICAS<br><\/h2>\t\t<\/div>\n\t\t\t\t<\/div>\n\t\t\t\t<div class=\"elementor-element elementor-element-589ef93 elementor-view-default elementor-widget elementor-widget-icon\" data-id=\"589ef93\" data-element_type=\"widget\" data-widget_type=\"icon.default\">\n\t\t\t\t<div class=\"elementor-widget-container\">\n\t\t\t\t\t<div class=\"elementor-icon-wrapper\">\n\t\t\t<a class=\"elementor-icon\" href=\"https:\/\/drive.google.com\/file\/d\/1KRtnPOMmx3OAyeDvn5RJtYAaaYTZRiKX\/view\" target=\"_blank\">\n\t\t\t<i aria-hidden=\"true\" class=\"fas fa-chalkboard-teacher\"><\/i>\t\t\t<\/a>\n\t\t<\/div>\n\t\t\t\t<\/div>\n\t\t\t\t<\/div>\n\t\t\t\t\t<\/div>\n\t\t<\/div>\n\t\t\t\t<div class=\"elementor-column elementor-col-50 elementor-top-column elementor-element elementor-element-e70e24d\" data-id=\"e70e24d\" data-element_type=\"column\">\n\t\t\t<div class=\"elementor-widget-wrap elementor-element-populated\">\n\t\t\t\t\t\t\t\t<div class=\"elementor-element elementor-element-bbe8a51 elementor-widget elementor-widget-heading\" data-id=\"bbe8a51\" data-element_type=\"widget\" data-widget_type=\"heading.default\">\n\t\t\t\t<div class=\"elementor-widget-container\">\n\t\t\t<h2 class=\"elementor-heading-title elementor-size-default\">ESTATUTOS ASOCIACI\u00d3N DE ESTUDIANTES DE MEDICINA \"GUSTAVO ADOLFO HERN\u00c1NDEZ\" -AEM-<\/h2>\t\t<\/div>\n\t\t\t\t<\/div>\n\t\t\t\t<div class=\"elementor-element elementor-element-0ae5543 elementor-view-default elementor-widget elementor-widget-icon\" data-id=\"0ae5543\" data-element_type=\"widget\" data-widget_type=\"icon.default\">\n\t\t\t\t<div class=\"elementor-widget-container\">\n\t\t\t\t\t<div class=\"elementor-icon-wrapper\">\n\t\t\t<a class=\"elementor-icon\" href=\"https:\/\/drive.google.com\/file\/d\/1DeseK72LpPUwZsRqeTy0Jz7riB41tMsC\/view\" target=\"_blank\">\n\t\t\t<i aria-hidden=\"true\" class=\"fas fa-user-md\"><\/i>\t\t\t<\/a>\n\t\t<\/div>\n\t\t\t\t<\/div>\n\t\t\t\t<\/div>\n\t\t\t\t\t<\/div>\n\t\t<\/div>\n\t\t\t\t\t\t\t<\/div>\n\t\t<\/section>\n\t\t\t\t\t\t\t<\/div>\n\t\t","protected":false},"excerpt":{"rendered":"<p>LEYES Y REGLAMENTOS DE LA UNIVERSIDAD DE SAN CARLOS DE GUATEMALA REGLAMENTO DE EVALUACI\u00d3N Y PROMOCI\u00d3N ESTUDIANTIL NORMATIVO DE LA COMISI\u00d3N DE APRENDIZAJE ESTUDIANTIL NORMATIVO DE LA EDUCACI\u00d3N VIRTUAL FACULTAD DE CIENCIAS M\u00c9DICAS ESTATUTOS ASOCIACI\u00d3N DE ESTUDIANTES DE MEDICINA &#8220;GUSTAVO ADOLFO HERN\u00c1NDEZ&#8221; -AEM-<\/p>\n","protected":false},"author":1,"featured_media":0,"parent":0,"menu_order":0,"comment_status":"closed","ping_status":"closed","template":"","meta":{"footnotes":""},"class_list":["post-913","page","type-page","status-publish","hentry"],"_links":{"self":[{"href":"https:\/\/cms.medicina.usac.edu.gt\/unade\/wp-json\/wp\/v2\/pages\/913","targetHints":{"allow":["GET"]}}],"collection":[{"href":"https:\/\/cms.medicina.usac.edu.gt\/unade\/wp-json\/wp\/v2\/pages"}],"about":[{"href":"https:\/\/cms.medicina.usac.edu.gt\/unade\/wp-json\/wp\/v2\/types\/page"}],"author":[{"embeddable":true,"href":"https:\/\/cms.medicina.usac.edu.gt\/unade\/wp-json\/wp\/v2\/users\/1"}],"replies":[{"embeddable":true,"href":"https:\/\/cms.medicina.usac.edu.gt\/unade\/wp-json\/wp\/v2\/comments?post=913"}],"version-history":[{"count":10,"href":"https:\/\/cms.medicina.usac.edu.gt\/unade\/wp-json\/wp\/v2\/pages\/913\/revisions"}],"predecessor-version":[{"id":925,"href":"https:\/\/cms.medicina.usac.edu.gt\/unade\/wp-json\/wp\/v2\/pages\/913\/revisions\/925"}],"wp:attachment":[{"href":"https:\/\/cms.medicina.usac.edu.gt\/unade\/wp-json\/wp\/v2\/media?parent=913"}],"curies":[{"name":"wp","href":"https:\/\/api.w.org\/{rel}","templated":true}]}}