{"id":1981,"date":"2026-02-24T20:27:15","date_gmt":"2026-02-24T20:27:15","guid":{"rendered":"https:\/\/cms.medicina.usac.edu.gt\/unade\/?page_id=1981"},"modified":"2026-03-25T20:21:20","modified_gmt":"2026-03-25T20:21:20","slug":"material-de-apoyo","status":"publish","type":"page","link":"https:\/\/cms.medicina.usac.edu.gt\/unade\/material-de-apoyo\/","title":{"rendered":"Material de Apoyo"},"content":{"rendered":"\t\t<div data-elementor-type=\"wp-page\" data-elementor-id=\"1981\" class=\"elementor elementor-1981\">\n\t\t\t\t\t\t\t\t\t<section class=\"elementor-section elementor-top-section elementor-element elementor-element-e9d5123 elementor-section-boxed elementor-section-height-default elementor-section-height-default\" data-id=\"e9d5123\" data-element_type=\"section\">\n\t\t\t\t\t\t<div class=\"elementor-container elementor-column-gap-default\">\n\t\t\t\t\t<div class=\"elementor-column elementor-col-100 elementor-top-column elementor-element elementor-element-17f7cb4\" data-id=\"17f7cb4\" data-element_type=\"column\">\n\t\t\t<div class=\"elementor-widget-wrap elementor-element-populated\">\n\t\t\t\t\t\t\t\t<div class=\"elementor-element elementor-element-2d7d9e0 elementor-widget elementor-widget-heading\" data-id=\"2d7d9e0\" data-element_type=\"widget\" data-widget_type=\"heading.default\">\n\t\t\t\t<div class=\"elementor-widget-container\">\n\t\t\t<style>\/*! elementor - v3.6.7 - 03-07-2022 *\/\n.elementor-heading-title{padding:0;margin:0;line-height:1}.elementor-widget-heading .elementor-heading-title[class*=elementor-size-]>a{color:inherit;font-size:inherit;line-height:inherit}.elementor-widget-heading .elementor-heading-title.elementor-size-small{font-size:15px}.elementor-widget-heading .elementor-heading-title.elementor-size-medium{font-size:19px}.elementor-widget-heading .elementor-heading-title.elementor-size-large{font-size:29px}.elementor-widget-heading .elementor-heading-title.elementor-size-xl{font-size:39px}.elementor-widget-heading .elementor-heading-title.elementor-size-xxl{font-size:59px}<\/style><h2 class=\"elementor-heading-title elementor-size-large\"><b><font style=\"vertical-align: inherit;\"><font style=\"vertical-align: inherit;\">Presentaciones tutoriales para la prueba de conocimientos espec\u00edficos de Biolog\u00eda - \n<\/font><\/font><font style=\"vertical-align: inherit;\"><font style=\"vertical-align: inherit;\">Qu\u00edmica<\/font><\/font><\/b>\n(Hacer click sobre los cuadros y numerales)\n<\/h2>\t\t<\/div>\n\t\t\t\t<\/div>\n\t\t\t\t\t<\/div>\n\t\t<\/div>\n\t\t\t\t\t\t\t<\/div>\n\t\t<\/section>\n\t\t\t\t<section class=\"elementor-section elementor-top-section elementor-element elementor-element-a139f9a elementor-section-boxed elementor-section-height-default elementor-section-height-default\" data-id=\"a139f9a\" data-element_type=\"section\">\n\t\t\t\t\t\t<div class=\"elementor-container elementor-column-gap-default\">\n\t\t\t\t\t<div class=\"elementor-column elementor-col-100 elementor-top-column elementor-element elementor-element-dc990ec\" data-id=\"dc990ec\" data-element_type=\"column\">\n\t\t\t<div class=\"elementor-widget-wrap elementor-element-populated\">\n\t\t\t\t\t\t\t\t<section class=\"elementor-section elementor-inner-section elementor-element elementor-element-35b189e elementor-section-boxed elementor-section-height-default elementor-section-height-default\" data-id=\"35b189e\" data-element_type=\"section\">\n\t\t\t\t\t\t<div class=\"elementor-container elementor-column-gap-default\">\n\t\t\t\t\t<div class=\"elementor-column elementor-col-50 elementor-inner-column elementor-element elementor-element-dd2c0d0\" data-id=\"dd2c0d0\" data-element_type=\"column\">\n\t\t\t<div class=\"elementor-widget-wrap elementor-element-populated\">\n\t\t\t\t\t\t\t\t<div class=\"elementor-element elementor-element-fa62522 elementor-widget elementor-widget-image\" data-id=\"fa62522\" data-element_type=\"widget\" data-widget_type=\"image.default\">\n\t\t\t\t<div class=\"elementor-widget-container\">\n\t\t\t<style>\/*! elementor - v3.6.7 - 03-07-2022 *\/\n.elementor-widget-image{text-align:center}.elementor-widget-image a{display:inline-block}.elementor-widget-image a img[src$=\".svg\"]{width:48px}.elementor-widget-image img{vertical-align:middle;display:inline-block}<\/style>\t\t\t\t\t\t\t\t\t\t\t\t\t<a href=\"https:\/\/view.genial.ly\/5d2f52fefe2fd60fb6d7128f\/interactive-content-video-curso-biologia\">\n\t\t\t\t\t\t\t<img loading=\"lazy\" decoding=\"async\" width=\"771\" height=\"460\" src=\"https:\/\/cms.medicina.usac.edu.gt\/unade\/wp-content\/uploads\/2024\/04\/tutoriales.jpg\" class=\"attachment-large size-large\" alt=\"\" srcset=\"https:\/\/cms.medicina.usac.edu.gt\/unade\/wp-content\/uploads\/2024\/04\/tutoriales.jpg 949w, https:\/\/cms.medicina.usac.edu.gt\/unade\/wp-content\/uploads\/2024\/04\/tutoriales-300x179.jpg 300w, https:\/\/cms.medicina.usac.edu.gt\/unade\/wp-content\/uploads\/2024\/04\/tutoriales-768x458.jpg 768w, https:\/\/cms.medicina.usac.edu.gt\/unade\/wp-content\/uploads\/2024\/04\/tutoriales-400x239.jpg 400w\" sizes=\"auto, (max-width: 771px) 100vw, 771px\" \/>\t\t\t\t\t\t\t\t<\/a>\n\t\t\t\t\t\t\t\t\t\t\t\t\t\t\t<\/div>\n\t\t\t\t<\/div>\n\t\t\t\t<div class=\"elementor-element elementor-element-9b9c399 elementor-widget elementor-widget-image\" data-id=\"9b9c399\" data-element_type=\"widget\" data-widget_type=\"image.default\">\n\t\t\t\t<div class=\"elementor-widget-container\">\n\t\t\t\t\t\t\t\t\t\t\t\t\t\t\t\t<a href=\"https:\/\/drive.google.com\/file\/d\/114ORFir0bHqJRPeQSoomGlQaGLjXPh-v\/view?usp=drive_link\">\n\t\t\t\t\t\t\t<img loading=\"lazy\" decoding=\"async\" width=\"770\" height=\"570\" src=\"https:\/\/cms.medicina.usac.edu.gt\/unade\/wp-content\/uploads\/2025\/03\/GUIA-TEMATICA-ANO-2025-2026.png\" class=\"attachment-large size-large\" alt=\"\" srcset=\"https:\/\/cms.medicina.usac.edu.gt\/unade\/wp-content\/uploads\/2025\/03\/GUIA-TEMATICA-ANO-2025-2026.png 770w, https:\/\/cms.medicina.usac.edu.gt\/unade\/wp-content\/uploads\/2025\/03\/GUIA-TEMATICA-ANO-2025-2026-300x222.png 300w, https:\/\/cms.medicina.usac.edu.gt\/unade\/wp-content\/uploads\/2025\/03\/GUIA-TEMATICA-ANO-2025-2026-768x569.png 768w, https:\/\/cms.medicina.usac.edu.gt\/unade\/wp-content\/uploads\/2025\/03\/GUIA-TEMATICA-ANO-2025-2026-400x296.png 400w\" sizes=\"auto, (max-width: 770px) 100vw, 770px\" \/>\t\t\t\t\t\t\t\t<\/a>\n\t\t\t\t\t\t\t\t\t\t\t\t\t\t\t<\/div>\n\t\t\t\t<\/div>\n\t\t\t\t<div class=\"elementor-element elementor-element-9dede59 elementor-widget elementor-widget-text-editor\" data-id=\"9dede59\" data-element_type=\"widget\" data-widget_type=\"text-editor.default\">\n\t\t\t\t<div class=\"elementor-widget-container\">\n\t\t\t<style>\/*! elementor - v3.6.7 - 03-07-2022 *\/\n.elementor-widget-text-editor.elementor-drop-cap-view-stacked .elementor-drop-cap{background-color:#818a91;color:#fff}.elementor-widget-text-editor.elementor-drop-cap-view-framed .elementor-drop-cap{color:#818a91;border:3px solid;background-color:transparent}.elementor-widget-text-editor:not(.elementor-drop-cap-view-default) .elementor-drop-cap{margin-top:8px}.elementor-widget-text-editor:not(.elementor-drop-cap-view-default) .elementor-drop-cap-letter{width:1em;height:1em}.elementor-widget-text-editor .elementor-drop-cap{float:left;text-align:center;line-height:1;font-size:50px}.elementor-widget-text-editor .elementor-drop-cap-letter{display:inline-block}<\/style>\t\t\t\t<ul><li><h3><span style=\"color: #0000ff;\"><strong><span style=\"vertical-align: inherit;\"><span dir=\"auto\" style=\"vertical-align: inherit;\">GU\u00cdA DE ESTUDIO SUB\u00c1REA DE BIOLOG\u00cdA<\/span><\/span><\/strong><\/span><\/h3><\/li><\/ul><ol><li><h5><span style=\"text-decoration: underline;\"><em><span style=\"color: #ff6600;\"><a style=\"color: #ff6600;\" href=\"https:\/\/drive.google.com\/file\/d\/1p1RMzpVtAIQBlSBk3kGQQUEZ_BtlOXmx\/view?usp=sharing\"><strong><span style=\"vertical-align: inherit;\"><span dir=\"auto\" style=\"vertical-align: inherit;\">hoja de trabajo<\/span><\/span><\/strong><\/a><\/span><\/em><\/span><\/h5><\/li><\/ol>\t\t\t\t\t\t<\/div>\n\t\t\t\t<\/div>\n\t\t\t\t\t<\/div>\n\t\t<\/div>\n\t\t\t\t<div class=\"elementor-column elementor-col-50 elementor-inner-column elementor-element elementor-element-51f7c65\" data-id=\"51f7c65\" data-element_type=\"column\">\n\t\t\t<div class=\"elementor-widget-wrap elementor-element-populated\">\n\t\t\t\t\t\t\t\t<div class=\"elementor-element elementor-element-40777f9 elementor-widget elementor-widget-text-editor\" data-id=\"40777f9\" data-element_type=\"widget\" data-widget_type=\"text-editor.default\">\n\t\t\t\t<div class=\"elementor-widget-container\">\n\t\t\t\t\t\t\t<ul><li><h3><strong><span style=\"vertical-align: inherit; color: #0000ff;\"><span style=\"vertical-align: inherit;\"><span dir=\"auto\" style=\"vertical-align: inherit;\">Sub\u00e1rea de Qu\u00edmica<\/span><\/span><\/span><\/strong><\/h3><\/li><\/ul><ol><li><h5><em><span style=\"text-decoration: underline; color: #ff6600;\"><strong><a style=\"color: #ff6600;\" href=\"https:\/\/youtu.be\/2TuXWn_aa6Y\"><span style=\"vertical-align: inherit;\"><span dir=\"auto\" style=\"vertical-align: inherit;\">Teor\u00eda at\u00f3mica y tabla peri\u00f3dica<\/span><\/span><\/a><\/strong><\/span><\/em><\/h5><\/li><li><h5><span style=\"text-decoration: underline;\"><em><span style=\"color: #ff6600;\"><a style=\"color: #ff6600;\" href=\"https:\/\/youtu.be\/4Gk7uHzCJlk\"><strong><span style=\"vertical-align: inherit;\"><span dir=\"auto\" style=\"vertical-align: inherit;\">Uniones y enlaces qu\u00edmicos\u00a0<\/span><\/span><\/strong><\/a><\/span><\/em><\/span><\/h5><\/li><li><h5><span style=\"text-decoration: underline;\"><em><span style=\"color: #ff6600;\"><a style=\"color: #ff6600;\" href=\"https:\/\/youtu.be\/0pnTMWWrDSY\"><strong><span style=\"vertical-align: inherit;\"><span dir=\"auto\" style=\"vertical-align: inherit;\">Reacci\u00f3n y ecuaci\u00f3n<\/span><\/span><\/strong><\/a><\/span><\/em><\/span><\/h5><\/li><\/ol>\t\t\t\t\t\t<\/div>\n\t\t\t\t<\/div>\n\t\t\t\t<div class=\"elementor-element elementor-element-721ce40 elementor-widget elementor-widget-text-editor\" data-id=\"721ce40\" data-element_type=\"widget\" data-widget_type=\"text-editor.default\">\n\t\t\t\t<div class=\"elementor-widget-container\">\n\t\t\t\t\t\t\t<ul><li><h3><strong><span style=\"vertical-align: inherit; color: #0000ff;\"><span style=\"vertical-align: inherit;\"><span dir=\"auto\" style=\"vertical-align: inherit;\">Gu\u00eda de estudio sub\u00e1rea de Qu\u00edmica<\/span><\/span><\/span><\/strong><\/h3><\/li><\/ul><ol><li><h5><a href=\"https:\/\/drive.google.com\/file\/d\/1AJMtQqURWdDUQueKbs_GWGuDcxYNpTNk\/view?usp=sharing\"><span style=\"color: #ff6600;\"><b><i><u><span style=\"vertical-align: inherit;\"><span dir=\"auto\" style=\"vertical-align: inherit;\">Gu\u00eda de estudio n.\u00ba 1-2026<\/span><\/span><\/u><\/i><\/b><\/span><\/a><\/h5><\/li><li><h5><span style=\"text-decoration: underline;\"><em><span style=\"color: #ff6600;\"><a style=\"color: #ff6600;\" href=\"https:\/\/drive.google.com\/file\/d\/1N0DByduLBzyp56TT00crDzJD0U2inFD1\/view?usp=sharing\"><strong><span style=\"vertical-align: inherit;\"><span dir=\"auto\" style=\"vertical-align: inherit;\">Gu\u00eda de estudio n.\u00ba 2-2026\u00a0<\/span><\/span><\/strong><\/a><\/span><\/em><\/span><\/h5><\/li><li><h5><a href=\"https:\/\/drive.google.com\/file\/d\/1rn6SeZIk3UzfGwPcBhIGzrRbAQ_Tk86F\/view?usp=sharing\"><span style=\"text-decoration: underline;\"><span style=\"color: #ff6600;\"><b><i><span style=\"vertical-align: inherit;\"><span dir=\"auto\" style=\"vertical-align: inherit;\">Gu\u00eda de estudio n.\u00ba 3-2026<\/span><\/span><\/i><\/b><\/span><\/span><\/a><\/h5><\/li><li><h5><a href=\"https:\/\/drive.google.com\/file\/d\/1HnQANkJ9r8E1wnE05BqFXfleKsjmG6DY\/view?usp=sharing\"><strong><span style=\"color: #ff6600;\"><i><u><span style=\"vertical-align: inherit;\"><span dir=\"auto\" style=\"vertical-align: inherit;\">Gu\u00eda de estudio n.\u00ba 4-2026<\/span><\/span><\/u><\/i><\/span><\/strong><\/a><\/h5><\/li><\/ol>\t\t\t\t\t\t<\/div>\n\t\t\t\t<\/div>\n\t\t\t\t\t<\/div>\n\t\t<\/div>\n\t\t\t\t\t\t\t<\/div>\n\t\t<\/section>\n\t\t\t\t\t<\/div>\n\t\t<\/div>\n\t\t\t\t\t\t\t<\/div>\n\t\t<\/section>\n\t\t\t\t<section class=\"elementor-section elementor-top-section elementor-element elementor-element-46d9b10 elementor-section-boxed elementor-section-height-default elementor-section-height-default\" data-id=\"46d9b10\" data-element_type=\"section\">\n\t\t\t\t\t\t<div class=\"elementor-container elementor-column-gap-default\">\n\t\t\t\t\t<div class=\"elementor-column elementor-col-100 elementor-top-column elementor-element elementor-element-c6f8bc3\" data-id=\"c6f8bc3\" data-element_type=\"column\">\n\t\t\t<div class=\"elementor-widget-wrap elementor-element-populated\">\n\t\t\t\t\t\t\t\t<div class=\"elementor-element elementor-element-6a856d8 elementor-widget elementor-widget-heading\" data-id=\"6a856d8\" data-element_type=\"widget\" data-widget_type=\"heading.default\">\n\t\t\t\t<div class=\"elementor-widget-container\">\n\t\t\t<h2 class=\"elementor-heading-title elementor-size-default\">GU\u00edA DE CONTENIDO PARA PRUEBA DE HABILIDAD VERBAL (Para descargar la gu\u00eca, hacer click en la imagen PRIMED)<\/h2>\t\t<\/div>\n\t\t\t\t<\/div>\n\t\t\t\t<div class=\"elementor-element elementor-element-d38db83 elementor-widget elementor-widget-image\" data-id=\"d38db83\" data-element_type=\"widget\" data-widget_type=\"image.default\">\n\t\t\t\t<div class=\"elementor-widget-container\">\n\t\t\t\t\t\t\t\t\t\t\t\t\t\t\t\t<a href=\"https:\/\/view.genial.ly\/5d2f52fefe2fd60fb6d7128f\/interactive-content-video-curso-biologia\">\n\t\t\t\t\t\t\t<img decoding=\"async\" src=\"https:\/\/cms.medicina.usac.edu.gt\/unade\/wp-content\/plugins\/elementor\/assets\/images\/placeholder.png\" title=\"\" alt=\"\" \/>\t\t\t\t\t\t\t\t<\/a>\n\t\t\t\t\t\t\t\t\t\t\t\t\t\t\t<\/div>\n\t\t\t\t<\/div>\n\t\t\t\t\t<\/div>\n\t\t<\/div>\n\t\t\t\t\t\t\t<\/div>\n\t\t<\/section>\n\t\t\t\t\t\t\t<\/div>\n\t\t","protected":false},"excerpt":{"rendered":"<p>Presentaciones tutoriales para la prueba de conocimientos espec\u00edficos de Biolog\u00eda &#8211; Qu\u00edmica (Hacer click sobre los cuadros y numerales) GU\u00cdA DE ESTUDIO SUB\u00c1REA DE BIOLOG\u00cdA hoja de trabajo Sub\u00e1rea de Qu\u00edmica Teor\u00eda at\u00f3mica y tabla peri\u00f3dica Uniones y enlaces qu\u00edmicos\u00a0 Reacci\u00f3n y ecuaci\u00f3n Gu\u00eda de estudio sub\u00e1rea de Qu\u00edmica Gu\u00eda de estudio n.\u00ba 1-2026 Gu\u00eda [&hellip;]<\/p>\n","protected":false},"author":2,"featured_media":0,"parent":0,"menu_order":0,"comment_status":"closed","ping_status":"closed","template":"","meta":{"footnotes":""},"class_list":["post-1981","page","type-page","status-publish","hentry"],"_links":{"self":[{"href":"https:\/\/cms.medicina.usac.edu.gt\/unade\/wp-json\/wp\/v2\/pages\/1981","targetHints":{"allow":["GET"]}}],"collection":[{"href":"https:\/\/cms.medicina.usac.edu.gt\/unade\/wp-json\/wp\/v2\/pages"}],"about":[{"href":"https:\/\/cms.medicina.usac.edu.gt\/unade\/wp-json\/wp\/v2\/types\/page"}],"author":[{"embeddable":true,"href":"https:\/\/cms.medicina.usac.edu.gt\/unade\/wp-json\/wp\/v2\/users\/2"}],"replies":[{"embeddable":true,"href":"https:\/\/cms.medicina.usac.edu.gt\/unade\/wp-json\/wp\/v2\/comments?post=1981"}],"version-history":[{"count":26,"href":"https:\/\/cms.medicina.usac.edu.gt\/unade\/wp-json\/wp\/v2\/pages\/1981\/revisions"}],"predecessor-version":[{"id":2215,"href":"https:\/\/cms.medicina.usac.edu.gt\/unade\/wp-json\/wp\/v2\/pages\/1981\/revisions\/2215"}],"wp:attachment":[{"href":"https:\/\/cms.medicina.usac.edu.gt\/unade\/wp-json\/wp\/v2\/media?parent=1981"}],"curies":[{"name":"wp","href":"https:\/\/api.w.org\/{rel}","templated":true}]}}