{"id":1973,"date":"2026-02-24T20:25:23","date_gmt":"2026-02-24T20:25:23","guid":{"rendered":"https:\/\/cms.medicina.usac.edu.gt\/unade\/?page_id=1973"},"modified":"2026-03-25T19:39:45","modified_gmt":"2026-03-25T19:39:45","slug":"proceso-de-ingreso","status":"publish","type":"page","link":"https:\/\/cms.medicina.usac.edu.gt\/unade\/proceso-de-ingreso\/","title":{"rendered":"Proceso de Ingreso"},"content":{"rendered":"\t\t<div data-elementor-type=\"wp-page\" data-elementor-id=\"1973\" class=\"elementor elementor-1973\">\n\t\t\t\t\t\t\t\t\t<section class=\"elementor-section elementor-top-section elementor-element elementor-element-5c1f236 elementor-section-boxed elementor-section-height-default elementor-section-height-default\" data-id=\"5c1f236\" data-element_type=\"section\">\n\t\t\t\t\t\t<div class=\"elementor-container elementor-column-gap-default\">\n\t\t\t\t\t<div class=\"elementor-column elementor-col-100 elementor-top-column elementor-element elementor-element-bad90b2\" data-id=\"bad90b2\" data-element_type=\"column\">\n\t\t\t<div class=\"elementor-widget-wrap elementor-element-populated\">\n\t\t\t\t\t\t\t\t<div class=\"elementor-element elementor-element-1bc8557 elementor-widget elementor-widget-heading\" data-id=\"1bc8557\" data-element_type=\"widget\" data-widget_type=\"heading.default\">\n\t\t\t\t<div class=\"elementor-widget-container\">\n\t\t\t<style>\/*! elementor - v3.6.7 - 03-07-2022 *\/\n.elementor-heading-title{padding:0;margin:0;line-height:1}.elementor-widget-heading .elementor-heading-title[class*=elementor-size-]>a{color:inherit;font-size:inherit;line-height:inherit}.elementor-widget-heading .elementor-heading-title.elementor-size-small{font-size:15px}.elementor-widget-heading .elementor-heading-title.elementor-size-medium{font-size:19px}.elementor-widget-heading .elementor-heading-title.elementor-size-large{font-size:29px}.elementor-widget-heading .elementor-heading-title.elementor-size-xl{font-size:39px}.elementor-widget-heading .elementor-heading-title.elementor-size-xxl{font-size:59px}<\/style><h2 class=\"elementor-heading-title elementor-size-default\">REQUISITOS DE INGRESO A LA UNIVERSIDAD DE SAN CARLOS DE GUATEMALA<\/h2>\t\t<\/div>\n\t\t\t\t<\/div>\n\t\t\t\t\t<\/div>\n\t\t<\/div>\n\t\t\t\t\t\t\t<\/div>\n\t\t<\/section>\n\t\t\t\t<section class=\"elementor-section elementor-top-section elementor-element elementor-element-cfb684e elementor-section-boxed elementor-section-height-default elementor-section-height-default\" data-id=\"cfb684e\" data-element_type=\"section\">\n\t\t\t\t\t\t<div class=\"elementor-container elementor-column-gap-default\">\n\t\t\t\t\t<div class=\"elementor-column elementor-col-100 elementor-top-column elementor-element elementor-element-ad7e893\" data-id=\"ad7e893\" data-element_type=\"column\">\n\t\t\t<div class=\"elementor-widget-wrap elementor-element-populated\">\n\t\t\t\t\t\t\t\t<div class=\"elementor-element elementor-element-a49c8b6 elementor-widget elementor-widget-text-editor\" data-id=\"a49c8b6\" data-element_type=\"widget\" data-widget_type=\"text-editor.default\">\n\t\t\t\t<div class=\"elementor-widget-container\">\n\t\t\t<style>\/*! elementor - v3.6.7 - 03-07-2022 *\/\n.elementor-widget-text-editor.elementor-drop-cap-view-stacked .elementor-drop-cap{background-color:#818a91;color:#fff}.elementor-widget-text-editor.elementor-drop-cap-view-framed .elementor-drop-cap{color:#818a91;border:3px solid;background-color:transparent}.elementor-widget-text-editor:not(.elementor-drop-cap-view-default) .elementor-drop-cap{margin-top:8px}.elementor-widget-text-editor:not(.elementor-drop-cap-view-default) .elementor-drop-cap-letter{width:1em;height:1em}.elementor-widget-text-editor .elementor-drop-cap{float:left;text-align:center;line-height:1;font-size:50px}.elementor-widget-text-editor .elementor-drop-cap-letter{display:inline-block}<\/style>\t\t\t\t<p style=\"text-align: justify;\"><span style=\"vertical-align: inherit;\"><span dir=\"auto\" style=\"vertical-align: inherit;\">PRIMER INGRESO:<\/span><\/span><\/p><p><span style=\"vertical-align: inherit;\"><span dir=\"auto\" style=\"vertical-align: inherit;\">Todo aspirante deber\u00e1 cumplir con el procedimiento:<\/span><\/span><\/p><ol><li><span style=\"vertical-align: inherit;\"><span dir=\"auto\" style=\"vertical-align: inherit;\">Prueba de orientaci\u00f3n vocacional<\/span><\/span><ul><li><span style=\"vertical-align: inherit;\"><span dir=\"auto\" style=\"vertical-align: inherit;\">Generar la boleta de pago en\u00a0 <\/span><\/span><span style=\"color: #ff6600;\"><a style=\"color: #ff6600;\" href=\"https:\/\/vocacional.usac.edu.gt\" target=\"_blank\" rel=\"noopener\"><span style=\"vertical-align: inherit;\"><b><u><i><span dir=\"auto\" style=\"vertical-align: inherit;\">https:\/\/vocacional.usac.edu.gt<\/span><\/i><\/u><\/b><\/span><\/a><\/span><\/li><li><span style=\"vertical-align: inherit;\"><span dir=\"auto\" style=\"vertical-align: inherit;\">Pagar la boleta en los bancos del sistema<\/span><\/span><\/li><li><span style=\"vertical-align: inherit;\"><span dir=\"auto\" style=\"vertical-align: inherit;\">Asignarse la prueba de orientaci\u00f3n vocacional en el enlace:\u00a0 <\/span><u><i><b> <\/b><\/i><\/u><\/span><span style=\"color: #ff6600;\"><a style=\"color: #ff6600;\" href=\"https:\/\/vocacional.usac.edu.gt\/\"><span style=\"vertical-align: inherit;\"><b><u><i><span dir=\"auto\" style=\"vertical-align: inherit;\">https:\/\/vocacional.usac.edu.gt\/<\/span><\/i><\/u><\/b><\/span><\/a><\/span><\/li><li><span style=\"vertical-align: inherit;\"><span dir=\"auto\" style=\"vertical-align: inherit;\">Presentarse a la Secci\u00f3n de Orientaci\u00f3n Vocacional de la Divisi\u00f3n de Bienestar Estudiantil Universitario, el d\u00eda y hora asignados<\/span><\/span><\/li><li><span style=\"vertical-align: inherit;\"><span dir=\"auto\" style=\"vertical-align: inherit;\">Al obtener la tarjeta extendida por la Secci\u00f3n de Orientaci\u00f3n Vocacional, el aspirante elige la carrera de su inter\u00e9s.<\/span><\/span><\/li><\/ul><\/li><\/ol><p>\u00a0<\/p>\t\t\t\t\t\t<\/div>\n\t\t\t\t<\/div>\n\t\t\t\t\t<\/div>\n\t\t<\/div>\n\t\t\t\t\t\t\t<\/div>\n\t\t<\/section>\n\t\t\t\t<section class=\"elementor-section elementor-top-section elementor-element elementor-element-ed5df80 elementor-section-boxed elementor-section-height-default elementor-section-height-default\" data-id=\"ed5df80\" data-element_type=\"section\">\n\t\t\t\t\t\t<div class=\"elementor-container elementor-column-gap-default\">\n\t\t\t\t\t<div class=\"elementor-column elementor-col-100 elementor-top-column elementor-element elementor-element-b6eafd3\" data-id=\"b6eafd3\" data-element_type=\"column\">\n\t\t\t<div class=\"elementor-widget-wrap elementor-element-populated\">\n\t\t\t\t\t\t\t\t<div class=\"elementor-element elementor-element-086eee7 elementor-widget elementor-widget-heading\" data-id=\"086eee7\" data-element_type=\"widget\" data-widget_type=\"heading.default\">\n\t\t\t\t<div class=\"elementor-widget-container\">\n\t\t\t<h2 class=\"elementor-heading-title elementor-size-default\">REQUISITOS PARA  INGRESAR A LA CARRERA DE M\u00c9DICO Y CIRUJANO DE LA FACULTAD DE CIENCIAS M\u00c9DICAS<\/h2>\t\t<\/div>\n\t\t\t\t<\/div>\n\t\t\t\t\t<\/div>\n\t\t<\/div>\n\t\t\t\t\t\t\t<\/div>\n\t\t<\/section>\n\t\t\t\t<section class=\"elementor-section elementor-top-section elementor-element elementor-element-bb7fa30 elementor-section-boxed elementor-section-height-default elementor-section-height-default\" data-id=\"bb7fa30\" data-element_type=\"section\">\n\t\t\t\t\t\t<div class=\"elementor-container elementor-column-gap-default\">\n\t\t\t\t\t<div class=\"elementor-column elementor-col-100 elementor-top-column elementor-element elementor-element-fba1a91\" data-id=\"fba1a91\" data-element_type=\"column\">\n\t\t\t<div class=\"elementor-widget-wrap elementor-element-populated\">\n\t\t\t\t\t\t\t\t<div class=\"elementor-element elementor-element-bc005ef elementor-widget elementor-widget-text-editor\" data-id=\"bc005ef\" data-element_type=\"widget\" data-widget_type=\"text-editor.default\">\n\t\t\t\t<div class=\"elementor-widget-container\">\n\t\t\t\t\t\t\t<ol><li style=\"text-align: justify;\"><strong><span style=\"vertical-align: inherit;\"><span dir=\"auto\" style=\"vertical-align: inherit;\">Pruebas de conocimientos b\u00e1sicos:<\/span><\/span><\/strong><ul><li><span style=\"vertical-align: inherit;\"><span dir=\"auto\" style=\"vertical-align: inherit;\">Deber\u00e1 asignarse las pruebas de conocimientos b\u00e1sicos: F\u00edsica, Qu\u00edmica, Matem\u00e1tica, Lenguaje.<\/span><\/span><\/li><li><span style=\"vertical-align: inherit;\"><span dir=\"auto\" style=\"vertical-align: inherit;\">Para obtener resultados satisfactorios en todas las pruebas de conocimientos b\u00e1sicos requeridos por la Facultad, debe descargar la constancia y continuar el procedimiento.<\/span><\/span><\/li><\/ul><\/li><li><strong><span style=\"vertical-align: inherit;\"><span dir=\"auto\" style=\"vertical-align: inherit;\">Pruebas espec\u00edficas:<\/span><\/span><\/strong><ul><li><span style=\"vertical-align: inherit;\"><span dir=\"auto\" style=\"vertical-align: inherit;\">Ingresar a https: cms.medicina.usac.edu.gt\/unade, seguir los pasos para la asignaci\u00f3n, presentar los documentos solicitados.<\/span><\/span><\/li><li><span style=\"vertical-align: inherit;\"><span dir=\"auto\" style=\"vertical-align: inherit;\">Asignar las pruebas de conocimientos espec\u00edficos de Biolog\u00eda-Qu\u00edmica y Aptitud de Razonamiento verbal y num\u00e9rico.<\/span><\/span><\/li><li><span style=\"vertical-align: inherit;\"><span dir=\"auto\" style=\"vertical-align: inherit;\">Presentarse el d\u00eda, hora y lugar indicados.<\/span><\/span><\/li><\/ul><\/li><\/ol>\t\t\t\t\t\t<\/div>\n\t\t\t\t<\/div>\n\t\t\t\t\t<\/div>\n\t\t<\/div>\n\t\t\t\t\t\t\t<\/div>\n\t\t<\/section>\n\t\t\t\t<section class=\"elementor-section elementor-top-section elementor-element elementor-element-f2ae5de elementor-section-boxed elementor-section-height-default elementor-section-height-default\" data-id=\"f2ae5de\" data-element_type=\"section\">\n\t\t\t\t\t\t<div class=\"elementor-container elementor-column-gap-default\">\n\t\t\t\t\t<div class=\"elementor-column elementor-col-100 elementor-top-column elementor-element elementor-element-e568195\" data-id=\"e568195\" data-element_type=\"column\">\n\t\t\t<div class=\"elementor-widget-wrap elementor-element-populated\">\n\t\t\t\t\t\t\t\t<div class=\"elementor-element elementor-element-608c695 elementor-widget elementor-widget-text-editor\" data-id=\"608c695\" data-element_type=\"widget\" data-widget_type=\"text-editor.default\">\n\t\t\t\t<div class=\"elementor-widget-container\">\n\t\t\t\t\t\t\t<p><strong><span style=\"vertical-align: inherit;\"><span dir=\"auto\" style=\"vertical-align: inherit;\">Al obtener resultado satisfactorio en las pruebas de conocimientos b\u00e1sicos, pruebas de conocimiento espec\u00edfico y habilidades, el aspirante debe consultar la p\u00e1gina <\/span><\/span><span style=\"color: #ff6600;\"><a style=\"color: #ff6600;\" href=\"https:\/\/registro.usac.edu.gt\"><span style=\"vertical-align: inherit;\"><u><span dir=\"auto\" style=\"vertical-align: inherit;\">https:\/\/registro.usac.edu.gt<\/span><\/u><\/span><\/a><\/span><span style=\"vertical-align: inherit;\"><span dir=\"auto\" style=\"vertical-align: inherit;\"> , donde se informar\u00e1n las fechas de inscripci\u00f3n para primer ingreso.<\/span><\/span><\/strong><\/p>\t\t\t\t\t\t<\/div>\n\t\t\t\t<\/div>\n\t\t\t\t\t<\/div>\n\t\t<\/div>\n\t\t\t\t\t\t\t<\/div>\n\t\t<\/section>\n\t\t\t\t<section class=\"elementor-section elementor-top-section elementor-element elementor-element-5c6f084 elementor-section-boxed elementor-section-height-default elementor-section-height-default\" data-id=\"5c6f084\" data-element_type=\"section\">\n\t\t\t\t\t\t<div class=\"elementor-container elementor-column-gap-default\">\n\t\t\t\t\t<div class=\"elementor-column elementor-col-100 elementor-top-column elementor-element elementor-element-f56284f\" data-id=\"f56284f\" data-element_type=\"column\">\n\t\t\t<div class=\"elementor-widget-wrap elementor-element-populated\">\n\t\t\t\t\t\t\t\t<div class=\"elementor-element elementor-element-46dea8b elementor-widget elementor-widget-heading\" data-id=\"46dea8b\" data-element_type=\"widget\" data-widget_type=\"heading.default\">\n\t\t\t\t<div class=\"elementor-widget-container\">\n\t\t\t<h2 class=\"elementor-heading-title elementor-size-default\">Documentos que debe presentar el aspirante al momento de asignarse las pruebas espec\u00edficas de la Carrera de M\u00e9dico y Cirujano<\/h2>\t\t<\/div>\n\t\t\t\t<\/div>\n\t\t\t\t\t<\/div>\n\t\t<\/div>\n\t\t\t\t\t\t\t<\/div>\n\t\t<\/section>\n\t\t\t\t<section class=\"elementor-section elementor-top-section elementor-element elementor-element-c698907 elementor-section-boxed elementor-section-height-default elementor-section-height-default\" data-id=\"c698907\" data-element_type=\"section\">\n\t\t\t\t\t\t<div class=\"elementor-container elementor-column-gap-default\">\n\t\t\t\t\t<div class=\"elementor-column elementor-col-100 elementor-top-column elementor-element elementor-element-c263dad\" data-id=\"c263dad\" data-element_type=\"column\">\n\t\t\t<div class=\"elementor-widget-wrap elementor-element-populated\">\n\t\t\t\t\t\t\t\t<div class=\"elementor-element elementor-element-a10837b elementor-widget elementor-widget-text-editor\" data-id=\"a10837b\" data-element_type=\"widget\" data-widget_type=\"text-editor.default\">\n\t\t\t\t<div class=\"elementor-widget-container\">\n\t\t\t\t\t\t\t<ul><li style=\"text-align: justify;\"><span style=\"vertical-align: inherit;\"><strong><span dir=\"auto\" style=\"vertical-align: inherit;\">Si es mayor de edad:<\/span><\/strong><span dir=\"auto\" style=\"vertical-align: inherit;\"> DPI, licencia o pasaporte.<\/span><\/span><\/li><li><span style=\"vertical-align: inherit;\"><strong><span dir=\"auto\" style=\"vertical-align: inherit;\">Si es menor de edad<\/span><\/strong><span dir=\"auto\" style=\"vertical-align: inherit;\"> : Certificaci\u00f3n de Nacimiento con foto reciente, emitida por el RENAP, carne escolar vigente, carta del colegio con foto sellada, licencia o pasaporte.<\/span><\/span><\/li><li><span style=\"vertical-align: inherit;\"><strong><span dir=\"auto\" style=\"vertical-align: inherit;\">Carta de promedios:<\/span><\/strong><span dir=\"auto\" style=\"vertical-align: inherit;\"> Todos los aspirantes deben solicitar a la instituci\u00f3n donde se graduado o graduar\u00e1 de diversificado, una carta con el promedio de B\u00e1sicos y Diversificado. Debe incluir foto del aspirante, con sello de la instituci\u00f3n sobre la foto, sellada y firmada en original. ( <\/span><span dir=\"auto\" style=\"vertical-align: inherit;\">ver ejemplo adjunto y en avisos)<\/span><\/span><\/li><\/ul><p><em><span style=\"vertical-align: inherit;\"><span dir=\"auto\" style=\"vertical-align: inherit;\">(Reglamento del Sistema de Ubicaci\u00f3n y Nivelaci\u00f3n de la Universidad de San Carlos de Guatemala, 2009)<\/span><\/span><\/em><\/p>\t\t\t\t\t\t<\/div>\n\t\t\t\t<\/div>\n\t\t\t\t\t<\/div>\n\t\t<\/div>\n\t\t\t\t\t\t\t<\/div>\n\t\t<\/section>\n\t\t\t\t<section class=\"elementor-section elementor-top-section elementor-element elementor-element-18b1a38 elementor-section-boxed elementor-section-height-default elementor-section-height-default\" data-id=\"18b1a38\" data-element_type=\"section\">\n\t\t\t\t\t\t<div class=\"elementor-container elementor-column-gap-default\">\n\t\t\t\t\t<div class=\"elementor-column elementor-col-100 elementor-top-column elementor-element elementor-element-1740cf1\" data-id=\"1740cf1\" data-element_type=\"column\">\n\t\t\t<div class=\"elementor-widget-wrap elementor-element-populated\">\n\t\t\t\t\t\t\t\t<div class=\"elementor-element elementor-element-b60072e elementor-widget elementor-widget-text-editor\" data-id=\"b60072e\" data-element_type=\"widget\" data-widget_type=\"text-editor.default\">\n\t\t\t\t<div class=\"elementor-widget-container\">\n\t\t\t\t\t\t\t<p><span dir=\"auto\" style=\"vertical-align: inherit;\"><span dir=\"auto\" style=\"vertical-align: inherit;\"><span style=\"color: #ff0000;\"><strong><em><span style=\"vertical-align: justify;\"><span style=\"vertical-align: inherit;\"><span dir=\"auto\" style=\"vertical-align: inherit;\">**ADVERTENCIA: si alg\u00fan documento no cumple con lo solicitado o sea falsificado, queda anulado el proceso de asignaci\u00f3n a prueba espec\u00edfica, debiendo esperar la siguiente fecha. TODO DOCUMENTO DEBE PRESENTARSE EN ORIGINAL.<\/span><\/span><\/span><\/em><\/strong><\/span><\/span><\/span><\/p>\t\t\t\t\t\t<\/div>\n\t\t\t\t<\/div>\n\t\t\t\t\t<\/div>\n\t\t<\/div>\n\t\t\t\t\t\t\t<\/div>\n\t\t<\/section>\n\t\t\t\t\t\t\t<\/div>\n\t\t","protected":false},"excerpt":{"rendered":"<p>REQUISITOS DE INGRESO A LA UNIVERSIDAD DE SAN CARLOS DE GUATEMALA PRIMER INGRESO: Todo aspirante deber\u00e1 cumplir con el procedimiento: Prueba de orientaci\u00f3n vocacional Generar la boleta de pago en\u00a0 https:\/\/vocacional.usac.edu.gt Pagar la boleta en los bancos del sistema Asignarse la prueba de orientaci\u00f3n vocacional en el enlace:\u00a0 https:\/\/vocacional.usac.edu.gt\/ Presentarse a la Secci\u00f3n de Orientaci\u00f3n [&hellip;]<\/p>\n","protected":false},"author":2,"featured_media":0,"parent":0,"menu_order":0,"comment_status":"closed","ping_status":"closed","template":"","meta":{"footnotes":""},"class_list":["post-1973","page","type-page","status-publish","hentry"],"_links":{"self":[{"href":"https:\/\/cms.medicina.usac.edu.gt\/unade\/wp-json\/wp\/v2\/pages\/1973","targetHints":{"allow":["GET"]}}],"collection":[{"href":"https:\/\/cms.medicina.usac.edu.gt\/unade\/wp-json\/wp\/v2\/pages"}],"about":[{"href":"https:\/\/cms.medicina.usac.edu.gt\/unade\/wp-json\/wp\/v2\/types\/page"}],"author":[{"embeddable":true,"href":"https:\/\/cms.medicina.usac.edu.gt\/unade\/wp-json\/wp\/v2\/users\/2"}],"replies":[{"embeddable":true,"href":"https:\/\/cms.medicina.usac.edu.gt\/unade\/wp-json\/wp\/v2\/comments?post=1973"}],"version-history":[{"count":22,"href":"https:\/\/cms.medicina.usac.edu.gt\/unade\/wp-json\/wp\/v2\/pages\/1973\/revisions"}],"predecessor-version":[{"id":2183,"href":"https:\/\/cms.medicina.usac.edu.gt\/unade\/wp-json\/wp\/v2\/pages\/1973\/revisions\/2183"}],"wp:attachment":[{"href":"https:\/\/cms.medicina.usac.edu.gt\/unade\/wp-json\/wp\/v2\/media?parent=1973"}],"curies":[{"name":"wp","href":"https:\/\/api.w.org\/{rel}","templated":true}]}}