{"id":1631,"date":"2025-04-22T15:38:11","date_gmt":"2025-04-22T15:38:11","guid":{"rendered":"https:\/\/cms.medicina.usac.edu.gt\/unade\/?page_id=1631"},"modified":"2026-03-16T18:49:24","modified_gmt":"2026-03-16T18:49:24","slug":"proceso-de-admision","status":"publish","type":"page","link":"https:\/\/cms.medicina.usac.edu.gt\/unade\/proceso-de-admision\/","title":{"rendered":"PROCESO DE ADMISI\u00d2N"},"content":{"rendered":"\t\t<div data-elementor-type=\"wp-page\" data-elementor-id=\"1631\" class=\"elementor elementor-1631\">\n\t\t\t\t\t\t\t\t\t<section class=\"elementor-section elementor-top-section elementor-element elementor-element-44701aaa elementor-section-boxed elementor-section-height-default elementor-section-height-default\" data-id=\"44701aaa\" data-element_type=\"section\">\n\t\t\t\t\t\t<div class=\"elementor-container elementor-column-gap-default\">\n\t\t\t\t\t<div class=\"elementor-column elementor-col-100 elementor-top-column elementor-element elementor-element-4383d70\" data-id=\"4383d70\" data-element_type=\"column\">\n\t\t\t<div class=\"elementor-widget-wrap elementor-element-populated\">\n\t\t\t\t\t\t\t\t<div class=\"elementor-element elementor-element-2feb3a13 elementor-widget elementor-widget-text-editor\" data-id=\"2feb3a13\" data-element_type=\"widget\" data-widget_type=\"text-editor.default\">\n\t\t\t\t<div class=\"elementor-widget-container\">\n\t\t\t<style>\/*! elementor - v3.6.7 - 03-07-2022 *\/\n.elementor-widget-text-editor.elementor-drop-cap-view-stacked .elementor-drop-cap{background-color:#818a91;color:#fff}.elementor-widget-text-editor.elementor-drop-cap-view-framed .elementor-drop-cap{color:#818a91;border:3px solid;background-color:transparent}.elementor-widget-text-editor:not(.elementor-drop-cap-view-default) .elementor-drop-cap{margin-top:8px}.elementor-widget-text-editor:not(.elementor-drop-cap-view-default) .elementor-drop-cap-letter{width:1em;height:1em}.elementor-widget-text-editor .elementor-drop-cap{float:left;text-align:center;line-height:1;font-size:50px}.elementor-widget-text-editor .elementor-drop-cap-letter{display:inline-block}<\/style>\t\t\t\t<!-- wp:gallery {\"linkTo\":\"none\"} -->\n<figure class=\"wp-block-gallery has-nested-images columns-default is-cropped\"><!-- wp:image {\"id\":1633,\"sizeSlug\":\"large\",\"linkDestination\":\"none\"} -->\n<figure class=\"wp-block-image size-large\"><img loading=\"lazy\" decoding=\"async\" class=\"wp-image-1633\" src=\"https:\/\/cms.medicina.usac.edu.gt\/unade\/wp-content\/uploads\/2025\/04\/444dc898-48df-41ca-ae06-593f2c593419-1024x768.jpg\" alt=\"\" width=\"61\" height=\"46\" srcset=\"https:\/\/cms.medicina.usac.edu.gt\/unade\/wp-content\/uploads\/2025\/04\/444dc898-48df-41ca-ae06-593f2c593419-1024x768.jpg 1024w, https:\/\/cms.medicina.usac.edu.gt\/unade\/wp-content\/uploads\/2025\/04\/444dc898-48df-41ca-ae06-593f2c593419-300x225.jpg 300w, https:\/\/cms.medicina.usac.edu.gt\/unade\/wp-content\/uploads\/2025\/04\/444dc898-48df-41ca-ae06-593f2c593419-768x576.jpg 768w, https:\/\/cms.medicina.usac.edu.gt\/unade\/wp-content\/uploads\/2025\/04\/444dc898-48df-41ca-ae06-593f2c593419-1536x1152.jpg 1536w, https:\/\/cms.medicina.usac.edu.gt\/unade\/wp-content\/uploads\/2025\/04\/444dc898-48df-41ca-ae06-593f2c593419-400x300.jpg 400w, https:\/\/cms.medicina.usac.edu.gt\/unade\/wp-content\/uploads\/2025\/04\/444dc898-48df-41ca-ae06-593f2c593419.jpg 1600w\" sizes=\"auto, (max-width: 61px) 100vw, 61px\" \/><\/figure>\n<!-- \/wp:image --><\/figure>\n<!-- \/wp:gallery -->\t\t\t\t\t\t<\/div>\n\t\t\t\t<\/div>\n\t\t\t\t\t<\/div>\n\t\t<\/div>\n\t\t\t\t\t\t\t<\/div>\n\t\t<\/section>\n\t\t\t\t<section class=\"elementor-section elementor-top-section elementor-element elementor-element-7254431 elementor-section-boxed elementor-section-height-default elementor-section-height-default\" data-id=\"7254431\" data-element_type=\"section\">\n\t\t\t\t\t\t<div class=\"elementor-container elementor-column-gap-default\">\n\t\t\t\t\t<div class=\"elementor-column elementor-col-100 elementor-top-column elementor-element elementor-element-6f1a5d8\" data-id=\"6f1a5d8\" data-element_type=\"column\">\n\t\t\t<div class=\"elementor-widget-wrap elementor-element-populated\">\n\t\t\t\t\t\t\t\t<div class=\"elementor-element elementor-element-5fd2048 elementor-widget elementor-widget-text-editor\" data-id=\"5fd2048\" data-element_type=\"widget\" data-widget_type=\"text-editor.default\">\n\t\t\t\t<div class=\"elementor-widget-container\">\n\t\t\t\t\t\t\t<ul>\n<li>La Unidad de Apoyo y Desarrollo Estudiantil -UNADE- te da la bienvenida al proceso de ingreso a la carrera de M\u00e9dico y Cirujano de la Facultad de Ciencias M\u00e9dicas, de la Universidad de San Carlos de Guatemala.\u00a0<\/li>\n<\/ul>\n<p>En este sitio, encontrar\u00e1s informaci\u00f3n general de:<\/p>\n<ul>\n<li>\u00a0Proceso de ingreso: Gu\u00eda de asignaci\u00f3n a las Pruebas Espec\u00edficas a\u00f1o 2026\u00a0 \u00a0 \u00a0 \u00a0 \u00a0 \u00a0 \u00a0 \u00a0 \u00a0 \u00a0<\/li>\n<li>Documentos de apoyo para preparaci\u00f3n a los ex\u00e1menes: Gu\u00eda tem\u00e1tica para la prueba de conocimientos espec\u00edficos de Biolog\u00eda \u2013 Qu\u00edmica, tutoriales de preparaci\u00f3n para las pruebas. \u00a0 \u00a0 \u00a0 \u00a0 \u00a0 \u00a0 \u00a0 \u00a0 \u00a0 \u00a0 \u00a0 \u00a0 \u00a0 \u00a0 \u00a0 \u00a0 \u00a0 \u00a0 \u00a0 \u00a0 \u00a0 \u00a0 \u00a0 \u00a0 \u00a0 \u00a0 \u00a0 \u00a0\u00a0<\/li>\n<\/ul>\t\t\t\t\t\t<\/div>\n\t\t\t\t<\/div>\n\t\t\t\t\t<\/div>\n\t\t<\/div>\n\t\t\t\t\t\t\t<\/div>\n\t\t<\/section>\n\t\t\t\t\t\t\t<\/div>\n\t\t","protected":false},"excerpt":{"rendered":"<p>La Unidad de Apoyo y Desarrollo Estudiantil -UNADE- te da la bienvenida al proceso de ingreso a la carrera de M\u00e9dico y Cirujano de la Facultad de Ciencias M\u00e9dicas, de la Universidad de San Carlos de Guatemala.\u00a0 En este sitio, encontrar\u00e1s informaci\u00f3n general de: \u00a0Proceso de ingreso: Gu\u00eda de asignaci\u00f3n a las Pruebas Espec\u00edficas a\u00f1o [&hellip;]<\/p>\n","protected":false},"author":1,"featured_media":0,"parent":0,"menu_order":0,"comment_status":"closed","ping_status":"closed","template":"","meta":{"footnotes":""},"class_list":["post-1631","page","type-page","status-publish","hentry"],"_links":{"self":[{"href":"https:\/\/cms.medicina.usac.edu.gt\/unade\/wp-json\/wp\/v2\/pages\/1631","targetHints":{"allow":["GET"]}}],"collection":[{"href":"https:\/\/cms.medicina.usac.edu.gt\/unade\/wp-json\/wp\/v2\/pages"}],"about":[{"href":"https:\/\/cms.medicina.usac.edu.gt\/unade\/wp-json\/wp\/v2\/types\/page"}],"author":[{"embeddable":true,"href":"https:\/\/cms.medicina.usac.edu.gt\/unade\/wp-json\/wp\/v2\/users\/1"}],"replies":[{"embeddable":true,"href":"https:\/\/cms.medicina.usac.edu.gt\/unade\/wp-json\/wp\/v2\/comments?post=1631"}],"version-history":[{"count":5,"href":"https:\/\/cms.medicina.usac.edu.gt\/unade\/wp-json\/wp\/v2\/pages\/1631\/revisions"}],"predecessor-version":[{"id":1642,"href":"https:\/\/cms.medicina.usac.edu.gt\/unade\/wp-json\/wp\/v2\/pages\/1631\/revisions\/1642"}],"wp:attachment":[{"href":"https:\/\/cms.medicina.usac.edu.gt\/unade\/wp-json\/wp\/v2\/media?parent=1631"}],"curies":[{"name":"wp","href":"https:\/\/api.w.org\/{rel}","templated":true}]}}